{"id":1768,"date":"2025-09-03T15:24:51","date_gmt":"2025-09-03T13:24:51","guid":{"rendered":"https:\/\/omniglotti.art\/?page_id=1768"},"modified":"2025-09-04T13:46:07","modified_gmt":"2025-09-04T11:46:07","slug":"pre-inscription","status":"publish","type":"page","link":"https:\/\/omniglotti.art\/fr\/pre-inscription\/","title":{"rendered":"Pr\u00e9-inscription"},"content":{"rendered":"\n<p>Cette page est d\u00e9di\u00e9e \u00e0 la pr\u00e9-inscription aux ateliers de th\u00e9\u00e2tre en fran\u00e7ais 2025\/26 au LJR de Munich anim\u00e9s par Tatiana Timkova. Veuillez remplir le formulaire ci-dessous: <\/p>\n\n\n\n<p><\/p>\n","protected":false},"excerpt":{"rendered":"<p>Cette page est d\u00e9di\u00e9e \u00e0 la pr\u00e9-inscription aux ateliers de th\u00e9\u00e2tre en fran\u00e7ais 2025\/26 au LJR de Munich anim\u00e9s par Tatiana Timkova. Veuillez remplir le formulaire ci-dessous:<\/p>\n","protected":false},"author":1,"featured_media":0,"parent":0,"menu_order":0,"comment_status":"closed","ping_status":"closed","template":"page-templates\/pre-orders-form.php","meta":{"_acf_changed":false,"inline_featured_image":false,"footnotes":""},"class_list":["post-1768","page","type-page","status-publish","hentry"],"acf":[],"_links":{"self":[{"href":"https:\/\/omniglotti.art\/fr\/wp-json\/wp\/v2\/pages\/1768","targetHints":{"allow":["GET"]}}],"collection":[{"href":"https:\/\/omniglotti.art\/fr\/wp-json\/wp\/v2\/pages"}],"about":[{"href":"https:\/\/omniglotti.art\/fr\/wp-json\/wp\/v2\/types\/page"}],"author":[{"embeddable":true,"href":"https:\/\/omniglotti.art\/fr\/wp-json\/wp\/v2\/users\/1"}],"replies":[{"embeddable":true,"href":"https:\/\/omniglotti.art\/fr\/wp-json\/wp\/v2\/comments?post=1768"}],"version-history":[{"count":14,"href":"https:\/\/omniglotti.art\/fr\/wp-json\/wp\/v2\/pages\/1768\/revisions"}],"predecessor-version":[{"id":1988,"href":"https:\/\/omniglotti.art\/fr\/wp-json\/wp\/v2\/pages\/1768\/revisions\/1988"}],"wp:attachment":[{"href":"https:\/\/omniglotti.art\/fr\/wp-json\/wp\/v2\/media?parent=1768"}],"curies":[{"name":"wp","href":"https:\/\/api.w.org\/{rel}","templated":true}]}}