{"id":293,"date":"2023-08-23T13:50:01","date_gmt":"2023-08-23T11:50:01","guid":{"rendered":"https:\/\/omniglotti.art\/tatiana-timkova\/"},"modified":"2023-09-29T16:18:08","modified_gmt":"2023-09-29T14:18:08","slug":"tatiana-timkova","status":"publish","type":"page","link":"https:\/\/omniglotti.art\/fr\/tatiana-timkova\/","title":{"rendered":"Tatiana Timkova"},"content":{"rendered":"\n<p><strong>BIO<\/strong><\/p>\n\n\n\n<p><\/p>\n\n\n\n<p>Mon \u00e9ternel questionnement au sujet de mon identit\u00e9 nationale a finalement \u00e9t\u00e9 r\u00e9solu par une \u00ab&nbsp;se\u00f1ora \u00bb mexicaine lors d\u2019un s\u00e9jour de l\u2019autre c\u00f4t\u00e9 de l\u2019oc\u00e9an. Lorsqu\u2019elle s\u2019est exclam\u00e9e \u2018Mira !&nbsp;&nbsp;una chica europea\u00bb (Regarde&nbsp;! une fille europ\u00e9enne&nbsp;\u00bb) tout est devenu clair pour moi&nbsp;: je peux d\u00e9sormais me d\u00e9finir comme une citoyenne europ\u00e9enne\u2026<\/p>\n\n\n\n<p>Pourtant, mon histoire a commenc\u00e9 tout autrement, par mon enfance enferm\u00e9e dans la Tch\u00e9coslovaquie communiste. Avec tous les bonus du r\u00e9gime&nbsp;: Lenin \u00e0 la place d\u2019une rockstar, les queues interminables pour pouvoir acheter quelque chose dans les magasins, ou alors l\u2019attention particuli\u00e8re du KGB vis-\u00e0-vis de ma famille car elle a refus\u00e9 de collaborer avec le r\u00e9gime.&nbsp;&nbsp;<\/p>\n\n\n\n<p>Lorsque les cl\u00f4tures \u00e9lectriques, se sont \u00e9teintes, tout a chang\u00e9.&nbsp;&nbsp;Sans me douter que j\u2019\u00e9tais en train d\u2019ouvrir un nouveau chapitre de ma vie, j\u2019ai postul\u00e9 pour une bourse du gouvernement fran\u00e7ais. <\/p>\n\n\n\n<p><\/p>\n\n\n<svg version=\"1.1\" id=\"Calque_1\" xmlns:x=\"&#038;ns_extend;\" xmlns:i=\"&#038;ns_ai;\" xmlns:graph=\"&#038;ns_graphs;\"\n\t xmlns=\"http:\/\/www.w3.org\/2000\/svg\" xmlns:xlink=\"http:\/\/www.w3.org\/1999\/xlink\" x=\"0px\" y=\"0px\" viewBox=\"0 0 953.3 156.8\"\n\t style=\"enable-background:new 0 0 953.3 156.8;\" xml:space=\"preserve\">\n<style type=\"text\/css\">\n\t.st0{fill:#3C3C3B;}\n<\/style>\n<switch>\n\t<foreignObject requiredExtensions=\"&#038;ns_ai;\" x=\"0\" y=\"0\" width=\"1\" height=\"1\">\n\t\t<i:aipgfRef  xlink:href=\"#adobe_illustrator_pgf\">\n\t\t<\/i:aipgfRef>\n\t<\/foreignObject>\n\t<g i:extraneous=\"self\">\n\t\t<g>\n\t\t\t<g>\n\t\t\t\t<g>\n\t\t\t\t\t<path class=\"st0\" d=\"M876.7,61.9c-64,25.2-133.7,34.7-202.1,27.9c-17.3-1.7-34.4-4.5-51.3-8.4c-12.7-2.9-26.2-6.9-35.7-16.3\n\t\t\t\t\t\tc-4.3-4.2-7.4-9.6-7.6-15.8c-0.2-7.4,3.7-13.8,8.9-18.8c7.7-7.4,32.7-23.5,38.5-6.5c5.3,15.6-12.2,24.4-24.1,28.3\n\t\t\t\t\t\tc-16.5,5.5-33.4,9.6-50.5,12.7c-34.3,6.2-69.3,7.9-104.1,7.4C377.6,71.7,307,62,236,60.5c-28.1-0.6-56.5-0.3-83.9,6.7\n\t\t\t\t\t\tc-23.2,5.9-46.3,16.9-60.5,36.9c-3.5,4.9-6.2,10.2-8.4,15.7c-1.2,2.9,3.6,4.2,4.7,1.3c10-25.4,34.1-40,59.3-47.5\n\t\t\t\t\t\tc29.1-8.6,59.5-8.9,89.6-8.2c74.6,1.6,148.8,12.3,223.6,12.2c36.2-0.1,72.5-2.8,107.9-10.5c9-2,17.9-4.3,26.8-6.9\n\t\t\t\t\t\tc7.6-2.3,15.3-4.5,22.3-8.3c10.9-5.9,19.4-17.9,14.2-30.5c-6.4-15.3-24.8-8.6-35.3-2.3c-11.5,6.8-22.5,17.8-21,32.3\n\t\t\t\t\t\tc1.3,12.4,11.5,21.1,22,26.4c13.7,7,29.3,9.7,44.3,12.3c70.1,12.5,143.3,7.5,211-14.3c8.6-2.8,17.1-5.8,25.5-9.1\n\t\t\t\t\t\tC880.9,65.5,879.6,60.7,876.7,61.9L876.7,61.9z\"\/>\n\t\t\t\t<\/g>\n\t\t\t<\/g>\n\t\t\t<g>\n\t\t\t\t<g>\n\t\t\t\t\t<path class=\"st0\" d=\"M77.3,144.7c2,0,3.7-1.7,3.7-3.7c0-2-1.7-3.7-3.7-3.7c-2,0-3.7,1.7-3.7,3.7\n\t\t\t\t\t\tC73.6,143,75.3,144.7,77.3,144.7L77.3,144.7z\"\/>\n\t\t\t\t<\/g>\n\t\t\t<\/g>\n\t\t<\/g>\n\t\t<g>\n\t\t<\/g>\n\t\t<g>\n\t\t<\/g>\n\t\t<g>\n\t\t<\/g>\n\t\t<g>\n\t\t<\/g>\n\t\t<g>\n\t\t<\/g>\n\t\t<g>\n\t\t<\/g>\n\t<\/g>\n<\/switch>\n\n\n<p>Le projet que nourrissait pour moi ma famille \u00e9tait une carri\u00e8re diplomatique, alors j\u2019ai obtenu en France le master n\u00e9cessaire. Mais comment pouvais-je r\u00e9sister aux tentations artistiques dispers\u00e9es dans les rues parisiennes&nbsp;?&nbsp;&nbsp;<\/p>\n\n\n\n<p>Apr\u00e8s avoir flirt\u00e9 avec la mode (Institut de la mode de Paris), le dessin (\u00e9cole Duperr\u00e9), le flamenco (Yalda Younes, Academia de flamenco de Christina Herrera de S\u00e9ville), un jour tout est devenu clair&nbsp;: ce que je voulais vraiment, c\u2019\u00e9tait de retourner \u00e0 la passion de mon enfance, le th\u00e9\u00e2tre.&nbsp;&nbsp;<\/p>\n\n\n\n<p>J\u2019ai alors entam\u00e9 ma tourn\u00e9e des \u00e9coles de th\u00e9\u00e2tre et de cin\u00e9ma \u00e0 Paris. J\u2019y ai d\u00e9couvert de multiples m\u00e9thodes&nbsp;: classiques, contemporaines, russes, am\u00e9ricaines, pour terminer, cerise sur le g\u00e2teau, par le cin\u00e9ma.&nbsp;&nbsp;<\/p>\n\n\n\n<p>Un jour, j\u2019assiste au Bout Chaumont \u00e0 un spectacle qui me sid\u00e8re, tant il est diff\u00e9rent de tout ce que j\u2019ai pu voir jusqu\u2019alors. Il y avait des masques, de l\u2019expression corporelle, de l\u2019humour italien, du chant, de la danse. Bref, tout ce que j\u2019adore.&nbsp;&nbsp;Et c\u2019\u00e9tait mon coup de foudre&nbsp;avec la Commedia dell\u2019arte.<\/p>\n\n\n\n<p>Un grand merci aux directeurs artistiques Gilbert Bourebia de la compagnie Myst\u00e8re Bouffe et Allessandro Nardini du th\u00e9\u00e2tre Junghans \u00e0 Venise de m\u2019avoir form\u00e9e \u00e0 cet art th\u00e9\u00e2tral. Et grand merci \u00e9galement \u00e0 tous les artistes les artistes avec qui j\u2019ai eu la chance de collaborer et qui m\u2019ont inspir\u00e9e dans mon travail.&nbsp;<\/p>\n\n\n\n<p>En parall\u00e8le de mes cr\u00e9ations th\u00e9\u00e2trales et cin\u00e9matographiques, je suis des formations en enseignement et en mise en sc\u00e8ne dans le cadre social et \u00e9ducatif, entreprise ou alors l\u2019apprentissage des langues.&nbsp;Le r\u00e9sultat de cette d\u00e9marche et de mon exp\u00e9rience sont des cours fond\u00e9s sur un v\u00e9ritable savoir-faire p\u00e9dagogique, et qui utilisent de nombreuses techniques th\u00e9\u00e2trales bas\u00e9es sur mes collaborations avec de nombreux artistes internationaux.<\/p>\n\n\n\n<p><strong>Puis, apr\u00e8s avoir v\u00e9cu vingt ann\u00e9es d\u2019une richesse immense en France, me voil\u00e0 assise \u00e0 bord d\u2019un TGV \u00e0 destination de Munich. Et la troisi\u00e8me \u00e9tape de ma vie commence.Apr\u00e8s avoir ressenti une profonde nostalgie de Paris et du monde du th\u00e9\u00e2tre fran\u00e7ais, j\u2019ai un d\u00e9clic&nbsp;! J\u2019ai d\u00e9j\u00e0 toutes les cl\u00e9s en main&nbsp;: en partageant mes connaissances et mon savoir-faire, je vais transporter tout cet univers \u00e0 Munich, et cette d\u00e9marche a pris la forme d\u2019une compagnie, Omniglotti<\/strong><\/p>\n","protected":false},"excerpt":{"rendered":"<p>BIO Mon \u00e9ternel questionnement au sujet de mon identit\u00e9 nationale a finalement \u00e9t\u00e9 r\u00e9solu par une \u00ab&nbsp;se\u00f1ora \u00bb mexicaine lors d\u2019un s\u00e9jour de l\u2019autre c\u00f4t\u00e9 de l\u2019oc\u00e9an. Lorsqu\u2019elle s\u2019est exclam\u00e9e \u2018Mira !&nbsp;&nbsp;una chica europea\u00bb (Regarde&nbsp;! une fille europ\u00e9enne&nbsp;\u00bb) tout est devenu clair pour moi&nbsp;: je peux d\u00e9sormais me d\u00e9finir comme une citoyenne europ\u00e9enne\u2026 Pourtant, mon [&hellip;]<\/p>\n","protected":false},"author":1,"featured_media":180,"parent":0,"menu_order":0,"comment_status":"closed","ping_status":"closed","template":"page-templates\/aboutus.php","meta":{"_acf_changed":false,"inline_featured_image":false,"footnotes":""},"class_list":["post-293","page","type-page","status-publish","has-post-thumbnail","hentry"],"acf":[],"_links":{"self":[{"href":"https:\/\/omniglotti.art\/fr\/wp-json\/wp\/v2\/pages\/293","targetHints":{"allow":["GET"]}}],"collection":[{"href":"https:\/\/omniglotti.art\/fr\/wp-json\/wp\/v2\/pages"}],"about":[{"href":"https:\/\/omniglotti.art\/fr\/wp-json\/wp\/v2\/types\/page"}],"author":[{"embeddable":true,"href":"https:\/\/omniglotti.art\/fr\/wp-json\/wp\/v2\/users\/1"}],"replies":[{"embeddable":true,"href":"https:\/\/omniglotti.art\/fr\/wp-json\/wp\/v2\/comments?post=293"}],"version-history":[{"count":20,"href":"https:\/\/omniglotti.art\/fr\/wp-json\/wp\/v2\/pages\/293\/revisions"}],"predecessor-version":[{"id":1688,"href":"https:\/\/omniglotti.art\/fr\/wp-json\/wp\/v2\/pages\/293\/revisions\/1688"}],"wp:featuredmedia":[{"embeddable":true,"href":"https:\/\/omniglotti.art\/fr\/wp-json\/wp\/v2\/media\/180"}],"wp:attachment":[{"href":"https:\/\/omniglotti.art\/fr\/wp-json\/wp\/v2\/media?parent=293"}],"curies":[{"name":"wp","href":"https:\/\/api.w.org\/{rel}","templated":true}]}}