{"id":346,"date":"2023-09-05T11:02:59","date_gmt":"2023-09-05T09:02:59","guid":{"rendered":"https:\/\/omniglotti.art\/spolocnost-omniglotti\/"},"modified":"2024-12-16T08:39:50","modified_gmt":"2024-12-16T07:39:50","slug":"spolocnost-omniglotti","status":"publish","type":"page","link":"https:\/\/omniglotti.art\/fr\/spolocnost-omniglotti\/","title":{"rendered":"La Compagnie Omniglotti"},"content":{"rendered":"\n<div class=\"wp-block-columns is-layout-flex wp-container-core-columns-is-layout-9d6595d7 wp-block-columns-is-layout-flex\">\n<div class=\"wp-block-column is-layout-flow wp-block-column-is-layout-flow\" style=\"flex-basis:41.66666%\">\n<p><strong>Un membre de la compagnie Omniglotti est un&nbsp;<\/strong><strong>Omniglott<\/strong><strong>,&nbsp;<\/strong>une curieuse esp\u00e8ce qui ma\u00eetrise ou tend vers la ma\u00eetrise&nbsp;de&nbsp;plusieurs langues, \u00e9volue au sein de multiples cultures et ne conna\u00eet pas les fronti\u00e8res, qu\u2019elles soient g\u00e9ographiques, mentales, ou cr\u00e9atives.<\/p>\n\n\n\n<p>La Compagnie Omniglotti est une communaut\u00e9 internationale francophone, rassemblant des artistes et intervenants de diff\u00e9rents domaines (acteurs, musiciens,&nbsp;&nbsp;\u00e9crivains, traducteurs, linguistes), cultures et pays.&nbsp;<\/p>\n\n\n\n<p>Nous promouvons notamment\u00a0la m\u00e9thode p\u00e9dagogique de l\u2019enseignement de la langue fran\u00e7aise par le th\u00e9\u00e2tre.\u00a0<\/p>\n\n\n\n<p>Notre habitat est b\u00e2ti sur les piliers de la tol\u00e9rance, de l\u2019ouverture d\u2019esprit et du respect de l\u2019autre et l&rsquo;envie de contribuer aux \u00e9volutions positives de l\u2019humanit\u00e9 gr\u00e2ce \u00e0 nos \u0153uvres artistiques.<\/p>\n\n\n\n<p><\/p>\n<\/div>\n\n\n\n<div class=\"wp-block-column is-layout-flow wp-block-column-is-layout-flow\" style=\"flex-basis:58.333333%\">\n<p>Nos pi\u00e8ces de th\u00e9\u00e2tre, films, chansons, sont autant de moyens pour nous exprimer sur les th\u00e8mes \u00e9mergeants, et encourager notre soci\u00e9t\u00e9 dans l\u2019autor\u00e9flexion et le changement.<\/p>\n\n\n\n<p><mark style=\"background-color:rgba(0, 0, 0, 0)\" class=\"has-inline-color has-omniglotti-34-color\">Bref, nous appartenons au courant du \u00ab&nbsp;th\u00e9\u00e2tre engag\u00e9&nbsp;\u00bb.<\/mark><\/p>\n\n\n\n<p><\/p>\n\n\n\n<p>Nos ateliers et formations sont nos outils pour faire progresser nos \u00e9l\u00e8ves amateurs, sur le plan personnel ainsi que sur le plan professionnel.<\/p>\n\n\n\n<p>Nos langues de travail sont actuellement le fran\u00e7ais, le slovaque et l\u2019allemand.<\/p>\n\n\n\n<p>La fondatrice Tatiana Timkova est auteur, com\u00e9dienne, metteuse en sc\u00e8ne et p\u00e9dagogue th\u00e9\u00e2trale d\u2019origine franco-slovaque. Elle f\u00e9d\u00e8re autour d\u2019elle de nombreux artistes et collaborateurs \u00e0 travers le monde entier. Venez faire un Tour du monde avec eux.<\/p>\n<\/div>\n<\/div>\n\n\n\n<p><\/p>\n","protected":false},"excerpt":{"rendered":"<p>Un membre de la compagnie Omniglotti est un&nbsp;Omniglott,&nbsp;une curieuse esp\u00e8ce qui ma\u00eetrise ou tend vers la ma\u00eetrise&nbsp;de&nbsp;plusieurs langues, \u00e9volue au sein de multiples cultures et ne conna\u00eet pas les fronti\u00e8res, qu\u2019elles soient g\u00e9ographiques, mentales, ou cr\u00e9atives. La Compagnie Omniglotti est une communaut\u00e9 internationale francophone, rassemblant des artistes et intervenants de diff\u00e9rents domaines (acteurs, musiciens,&nbsp;&nbsp;\u00e9crivains, traducteurs, [&hellip;]<\/p>\n","protected":false},"author":1,"featured_media":0,"parent":0,"menu_order":0,"comment_status":"closed","ping_status":"closed","template":"page-templates\/company.php","meta":{"_acf_changed":false,"inline_featured_image":false,"footnotes":""},"class_list":["post-346","page","type-page","status-publish","hentry"],"acf":[],"_links":{"self":[{"href":"https:\/\/omniglotti.art\/fr\/wp-json\/wp\/v2\/pages\/346","targetHints":{"allow":["GET"]}}],"collection":[{"href":"https:\/\/omniglotti.art\/fr\/wp-json\/wp\/v2\/pages"}],"about":[{"href":"https:\/\/omniglotti.art\/fr\/wp-json\/wp\/v2\/types\/page"}],"author":[{"embeddable":true,"href":"https:\/\/omniglotti.art\/fr\/wp-json\/wp\/v2\/users\/1"}],"replies":[{"embeddable":true,"href":"https:\/\/omniglotti.art\/fr\/wp-json\/wp\/v2\/comments?post=346"}],"version-history":[{"count":9,"href":"https:\/\/omniglotti.art\/fr\/wp-json\/wp\/v2\/pages\/346\/revisions"}],"predecessor-version":[{"id":1461,"href":"https:\/\/omniglotti.art\/fr\/wp-json\/wp\/v2\/pages\/346\/revisions\/1461"}],"wp:attachment":[{"href":"https:\/\/omniglotti.art\/fr\/wp-json\/wp\/v2\/media?parent=346"}],"curies":[{"name":"wp","href":"https:\/\/api.w.org\/{rel}","templated":true}]}}