{"id":1000,"date":"2023-09-29T15:21:47","date_gmt":"2023-09-29T13:21:47","guid":{"rendered":"https:\/\/omniglotti.art\/?post_type=product&#038;p=1000"},"modified":"2026-03-11T11:20:33","modified_gmt":"2026-03-11T10:20:33","slug":"workshop-theatre-ado-de-paques","status":"publish","type":"product","link":"https:\/\/omniglotti.art\/fr\/activite\/workshop-theatre-ado-de-paques\/","title":{"rendered":"#workshopsADO vacances"},"content":{"rendered":"<p style=\"font-weight: 400;\">Envie de passer les vacances avec \u00a0d\u2019autres ados francophones dans une ambiance cr\u00e9ative &amp; fun et de d\u00e9couvrir l\u2019univers de th\u00e9\u00e2tre et des impros ? Envie de secouer la routine canap\u00e9, portable ?&#8230;<\/p>\n<p style=\"font-weight: 400;\">L\u2019objectif de l\u2019atelier est de permettre aux ados <strong>de gagner en assurance devant le public, de d\u00e9couvrir que les improvisations ne s\u2019improvisent pas et enfin, de devenir le cr\u00e9ateur de son propre spectacle gr\u00e2ce \u00e0 la p\u00e9dagogie et l\u2019accompagnement d\u2019une com\u00e9dienne professionnelle.<\/strong><\/p>\n<p style=\"font-weight: 400;\"><span style=\"color: #1ca2a0;\"><strong>Chaque journ\u00e9e de stage sera d\u00e9di\u00e9e \u00e0 la d\u00e9couverte d\u2019un nouvel outil de technique th\u00e9\u00e2trale, tels que la marche, les \u00e9motions, les postures, les arch\u00e9types de personnages\u2026<\/strong><\/span> Tout d\u2019abord sous forme d\u2019exercices ludiques, puis sous forme d\u2019improvisations avec diff\u00e9rentes contraintes ou axes.<\/p>\n<p style=\"font-weight: 400;\">Tout au long du stage, les sc\u00e8nes seront retravaill\u00e9es et enrichies gr\u00e2ce aux indications de mise de sc\u00e8ne.<\/p>\n<p style=\"font-weight: 400;\">A noter que tout talent artistique et sportif annexe, comme\u00a0la capacit\u00e9 \u00e0 jouer d\u2019un instrument de musique, le chant, la ma\u00eetrise d\u2019une danse ou d\u2019une discipline sportive pourra \u00eatre int\u00e9gr\u00e9e pour compl\u00e9ter les mises en sc\u00e8ne.<\/p>\n<p style=\"font-weight: 400;\">Quant aux costumes, l\u00e0 encore <span style=\"color: #3db8af;\"><strong>la voie sera libre \u00e0 la cr\u00e9ativit\u00e9 et la fantaisie\u00a0<\/strong><\/span>! Les com\u00e9diens fabriqueront leur propre costume ainsi que leurs accessoires \u00e0 partir d\u2019\u00e9l\u00e9ments fournis par le metteur en sc\u00e8ne.<\/p>\n<p style=\"font-weight: 400;\">Et tout progressivement, un spectacle va na\u00eetre comme une \u00e9vidence et cl\u00f4turera dans la joie et <strong><span style=\"color: #3db8af;\">une ambiance d\u00e9contract\u00e9e<\/span><\/strong> cette belle immersion dans le monde de la cr\u00e9ation artistique\u00a0!<\/p>\n<p style=\"font-weight: 400;\">Comme en t\u00e9moignent nos anciens, cette exp\u00e9rience a souvent suscit\u00e9e une passion pour le th\u00e9\u00e2tre, et a permis d&rsquo;enlever la peur de la prise de parole en public.<\/p>\n<p style=\"font-weight: 400;\"><span style=\"color: #e7385f;\"><strong>Ma devise : tout le monde peut faire du th\u00e9\u00e2tre, il faut juste avoir la bonne bo\u00eete \u00e0 outils !\u00a0<\/strong><\/span><\/p>\n","protected":false},"excerpt":{"rendered":"<p style=\"font-weight: 400;\"><strong>#FUN #CR\u00c9ATIVIT\u00c9 ET IMAGINAIRE #VOIX,# CR\u00c9ATION DE PERSONNAGES #EXPRESSION CORPORELLE #CONFIANCE EN SOI#<\/strong><strong>IMPROS #REPR\u00c9SENTATION SUR SC\u00c8NE<\/strong><\/p>\n","protected":false},"featured_media":1704,"template":"","meta":{"_acf_changed":false,"inline_featured_image":false},"product_brand":[],"product_cat":[45],"product_tag":[],"class_list":{"0":"post-1000","1":"product","2":"type-product","3":"status-publish","4":"has-post-thumbnail","6":"product_cat-accueil-compagnie-creations-ateliers-vers-lexterieur","8":"first","9":"instock","10":"purchasable","11":"product-type-variable","12":"has-default-attributes"},"acf":[],"_links":{"self":[{"href":"https:\/\/omniglotti.art\/fr\/wp-json\/wp\/v2\/product\/1000","targetHints":{"allow":["GET"]}}],"collection":[{"href":"https:\/\/omniglotti.art\/fr\/wp-json\/wp\/v2\/product"}],"about":[{"href":"https:\/\/omniglotti.art\/fr\/wp-json\/wp\/v2\/types\/product"}],"wp:featuredmedia":[{"embeddable":true,"href":"https:\/\/omniglotti.art\/fr\/wp-json\/wp\/v2\/media\/1704"}],"wp:attachment":[{"href":"https:\/\/omniglotti.art\/fr\/wp-json\/wp\/v2\/media?parent=1000"}],"wp:term":[{"taxonomy":"product_brand","embeddable":true,"href":"https:\/\/omniglotti.art\/fr\/wp-json\/wp\/v2\/product_brand?post=1000"},{"taxonomy":"product_cat","embeddable":true,"href":"https:\/\/omniglotti.art\/fr\/wp-json\/wp\/v2\/product_cat?post=1000"},{"taxonomy":"product_tag","embeddable":true,"href":"https:\/\/omniglotti.art\/fr\/wp-json\/wp\/v2\/product_tag?post=1000"}],"curies":[{"name":"wp","href":"https:\/\/api.w.org\/{rel}","templated":true}]}}