{"id":1391,"date":"2024-09-16T09:46:46","date_gmt":"2024-09-16T07:46:46","guid":{"rendered":"https:\/\/omniglotti.art\/?post_type=product&#038;p=1391"},"modified":"2025-09-19T11:19:45","modified_gmt":"2025-09-19T09:19:45","slug":"atelier-ljr-creation-artistique-mercredi","status":"publish","type":"product","link":"https:\/\/omniglotti.art\/fr\/activite\/atelier-ljr-creation-artistique-mercredi\/","title":{"rendered":"Atelier LJR \u00ab\u00a0Cr\u00e9ation artistique\u00a0\u00bb (mercredi)"},"content":{"rendered":"<p style=\"font-weight: 400;\">Cet atelier est r\u00e9serv\u00e9 <strong>uniquement aux \u00e9l\u00e8ves de l\u2019\u00e9cole primaire du Lyc\u00e9e Jean Renoir de Munich<\/strong> qui ont re\u00e7u l\u2019accord pour s\u2018y inscrire de la part de l\u2019\u00e9cole.<\/p>\n","protected":false},"excerpt":{"rendered":"<p>Saison 25\/26<\/p>\n","protected":false},"featured_media":1737,"template":"","meta":{"_acf_changed":false,"inline_featured_image":false},"product_brand":[],"product_cat":[45],"product_tag":[],"class_list":{"0":"post-1391","1":"product","2":"type-product","3":"status-publish","4":"has-post-thumbnail","6":"product_cat-accueil-compagnie-creations-ateliers-vers-lexterieur","8":"first","9":"outofstock","10":"purchasable","11":"product-type-simple"},"acf":[],"_links":{"self":[{"href":"https:\/\/omniglotti.art\/fr\/wp-json\/wp\/v2\/product\/1391","targetHints":{"allow":["GET"]}}],"collection":[{"href":"https:\/\/omniglotti.art\/fr\/wp-json\/wp\/v2\/product"}],"about":[{"href":"https:\/\/omniglotti.art\/fr\/wp-json\/wp\/v2\/types\/product"}],"wp:featuredmedia":[{"embeddable":true,"href":"https:\/\/omniglotti.art\/fr\/wp-json\/wp\/v2\/media\/1737"}],"wp:attachment":[{"href":"https:\/\/omniglotti.art\/fr\/wp-json\/wp\/v2\/media?parent=1391"}],"wp:term":[{"taxonomy":"product_brand","embeddable":true,"href":"https:\/\/omniglotti.art\/fr\/wp-json\/wp\/v2\/product_brand?post=1391"},{"taxonomy":"product_cat","embeddable":true,"href":"https:\/\/omniglotti.art\/fr\/wp-json\/wp\/v2\/product_cat?post=1391"},{"taxonomy":"product_tag","embeddable":true,"href":"https:\/\/omniglotti.art\/fr\/wp-json\/wp\/v2\/product_tag?post=1391"}],"curies":[{"name":"wp","href":"https:\/\/api.w.org\/{rel}","templated":true}]}}