{"id":1816,"date":"2025-09-17T11:49:44","date_gmt":"2025-09-17T09:49:44","guid":{"rendered":"https:\/\/omniglotti.art\/?post_type=product&#038;p=1816"},"modified":"2026-01-30T11:55:20","modified_gmt":"2026-01-30T10:55:20","slug":"workshop-vacances-dhivers-2026-7-10-ans","status":"publish","type":"product","link":"https:\/\/omniglotti.art\/fr\/activite\/workshop-vacances-dhivers-2026-7-10-ans\/","title":{"rendered":"#workshop vacances de f\u00e9vrier 2026 (7-10 ans)"},"content":{"rendered":"<p style=\"font-weight: 400;\">L\u2019objectif de l\u2019atelier est de permettre aux enfants <strong>de gagner en assurance devant le public, de d\u00e9couvrir que les improvisations ne s\u2019improvisent pas et enfin, de devenir le cr\u00e9ateur de son propre spectacle gr\u00e2ce \u00e0 la p\u00e9dagogie et l\u2019accompagnement d\u2019une com\u00e9dienne professionnelle.<\/strong><\/p>\n<p style=\"font-weight: 400;\"><strong><span style=\"color: #e61a52;\">Chaque journ\u00e9e de stage sera d\u00e9di\u00e9e \u00e0 la d\u00e9couverte d\u2019un nouvel outil de technique th\u00e9\u00e2trale, tels que la marche, les \u00e9motions, les postures, les arch\u00e9types de personnages\u2026<\/span><\/strong> Tout d\u2019abord sous forme d\u2019exercices ludiques, puis sous forme d\u2019improvisations avec diff\u00e9rentes contraintes ou axes.<\/p>\n<p style=\"font-weight: 400;\">Tout au long du stage, les sc\u00e8nes seront retravaill\u00e9es et enrichies gr\u00e2ce aux indications de mise de sc\u00e8ne.<\/p>\n<p style=\"font-weight: 400;\">A noter que tout talent artistique et sportif annexe, comme\u00a0la capacit\u00e9 \u00e0 jouer d\u2019un instrument de musique, le chant, la ma\u00eetrise d\u2019une danse ou d\u2019une discipline sportive pourra \u00eatre int\u00e9gr\u00e9e pour compl\u00e9ter les mises en sc\u00e8ne.<\/p>\n<p style=\"font-weight: 400;\">Quant aux costumes, l\u00e0 encore <span style=\"color: #3db8af;\"><strong>la voie sera libre \u00e0 la cr\u00e9ativit\u00e9 et la fantaisie\u00a0<\/strong><\/span>! Les enfants fabriqueront leur propre costume ainsi que leurs accessoires \u00e0 partir d\u2019\u00e9l\u00e9ments fournis par le metteur en sc\u00e8ne.<\/p>\n<p style=\"font-weight: 400;\">Et tout doucement, un spectacle va na\u00eetre comme une \u00e9vidence et cl\u00f4turera dans la joie et <strong><span style=\"color: #3db8af;\">une ambiance d\u00e9contract\u00e9e<\/span><\/strong> cette belle immersion dans le monde de la cr\u00e9ation artistique\u00a0!<\/p>\n<p style=\"font-weight: 400;\">Comme en t\u00e9moignent nos anciens, cette exp\u00e9rience cr\u00e9\u00e9 une connexion culturelle forte, et permet de travailler la peur de la prise de parole en public.<\/p>\n","protected":false},"excerpt":{"rendered":"<p>L\u2019objectif de l\u2019atelier est de permettre aux enfants de gagner en assurance devant le public, de d\u00e9couvrir que les improvisations ne s\u2019improvisent pas et enfin, de devenir le cr\u00e9ateur de son propre spectacle gr\u00e2ce \u00e0 la p\u00e9dagogie et l\u2019accompagnement d\u2019une com\u00e9dienne professionnelle. Chaque journ\u00e9e de stage sera d\u00e9di\u00e9e \u00e0 la d\u00e9couverte d\u2019un nouvel outil de [&hellip;]<\/p>\n","protected":false},"featured_media":1823,"template":"","meta":{"_acf_changed":false,"inline_featured_image":false},"product_brand":[],"product_cat":[45],"product_tag":[],"class_list":{"0":"post-1816","1":"product","2":"type-product","3":"status-publish","4":"has-post-thumbnail","6":"product_cat-accueil-compagnie-creations-ateliers-vers-lexterieur","8":"first","9":"instock","10":"purchasable","11":"product-type-variable","12":"has-default-attributes"},"acf":[],"_links":{"self":[{"href":"https:\/\/omniglotti.art\/fr\/wp-json\/wp\/v2\/product\/1816","targetHints":{"allow":["GET"]}}],"collection":[{"href":"https:\/\/omniglotti.art\/fr\/wp-json\/wp\/v2\/product"}],"about":[{"href":"https:\/\/omniglotti.art\/fr\/wp-json\/wp\/v2\/types\/product"}],"wp:featuredmedia":[{"embeddable":true,"href":"https:\/\/omniglotti.art\/fr\/wp-json\/wp\/v2\/media\/1823"}],"wp:attachment":[{"href":"https:\/\/omniglotti.art\/fr\/wp-json\/wp\/v2\/media?parent=1816"}],"wp:term":[{"taxonomy":"product_brand","embeddable":true,"href":"https:\/\/omniglotti.art\/fr\/wp-json\/wp\/v2\/product_brand?post=1816"},{"taxonomy":"product_cat","embeddable":true,"href":"https:\/\/omniglotti.art\/fr\/wp-json\/wp\/v2\/product_cat?post=1816"},{"taxonomy":"product_tag","embeddable":true,"href":"https:\/\/omniglotti.art\/fr\/wp-json\/wp\/v2\/product_tag?post=1816"}],"curies":[{"name":"wp","href":"https:\/\/api.w.org\/{rel}","templated":true}]}}