{"id":1960,"date":"2026-05-01T17:32:44","date_gmt":"2026-05-01T15:32:44","guid":{"rendered":"https:\/\/omniglotti.art\/?post_type=product&#038;p=1960"},"modified":"2026-05-01T18:04:33","modified_gmt":"2026-05-01T16:04:33","slug":"banana-colt-contre-le-gang-des-mabouls","status":"publish","type":"product","link":"https:\/\/omniglotti.art\/fr\/activite\/banana-colt-contre-le-gang-des-mabouls\/","title":{"rendered":"Banana Colt contre le gang des Mabouls"},"content":{"rendered":"<p style=\"font-weight: 400;\"><strong><em>Synopsis <\/em><\/strong><\/p>\n<p style=\"font-weight: 400;\">Vers 1880 dans le Far West am\u00e9ricain, les bandits, surnomm\u00e9s le gang des Maboul, pillent les banques pour en voler l&rsquo;or. Le sh\u00e9rif Banana Colt et ses amis se lancent \u00e0\u00a0\u00a0leur poursuite afin de les jeter en prison. Ils vont vite d\u00e9couvrir qu&rsquo;ils n&rsquo;ont pas affaire \u00e0 des simples voleurs.<\/p>\n","protected":false},"excerpt":{"rendered":"<p><strong>Spectacle par les \u00e9l\u00e8ves du LJR<\/strong><\/p>\n","protected":false},"featured_media":1123,"template":"","meta":{"_acf_changed":false,"inline_featured_image":false},"product_brand":[],"product_cat":[46],"product_tag":[],"class_list":{"0":"post-1960","1":"product","2":"type-product","3":"status-publish","4":"has-post-thumbnail","6":"product_cat-creations-fr","8":"first","9":"instock","10":"sold-individually","11":"purchasable","12":"product-type-simple"},"acf":[],"_links":{"self":[{"href":"https:\/\/omniglotti.art\/fr\/wp-json\/wp\/v2\/product\/1960","targetHints":{"allow":["GET"]}}],"collection":[{"href":"https:\/\/omniglotti.art\/fr\/wp-json\/wp\/v2\/product"}],"about":[{"href":"https:\/\/omniglotti.art\/fr\/wp-json\/wp\/v2\/types\/product"}],"wp:featuredmedia":[{"embeddable":true,"href":"https:\/\/omniglotti.art\/fr\/wp-json\/wp\/v2\/media\/1123"}],"wp:attachment":[{"href":"https:\/\/omniglotti.art\/fr\/wp-json\/wp\/v2\/media?parent=1960"}],"wp:term":[{"taxonomy":"product_brand","embeddable":true,"href":"https:\/\/omniglotti.art\/fr\/wp-json\/wp\/v2\/product_brand?post=1960"},{"taxonomy":"product_cat","embeddable":true,"href":"https:\/\/omniglotti.art\/fr\/wp-json\/wp\/v2\/product_cat?post=1960"},{"taxonomy":"product_tag","embeddable":true,"href":"https:\/\/omniglotti.art\/fr\/wp-json\/wp\/v2\/product_tag?post=1960"}],"curies":[{"name":"wp","href":"https:\/\/api.w.org\/{rel}","templated":true}]}}