{"id":616,"date":"2023-09-16T18:55:57","date_gmt":"2023-09-16T16:55:57","guid":{"rendered":"https:\/\/omniglotti.art\/?post_type=product&#038;p=616"},"modified":"2025-10-10T11:56:13","modified_gmt":"2025-10-10T09:56:13","slug":"atelier-ljr-en-francais-23-24","status":"publish","type":"product","link":"https:\/\/omniglotti.art\/fr\/activite\/atelier-ljr-en-francais-23-24\/","title":{"rendered":"Atelier LJR \u00ab\u00a0Improvisations th\u00e9\u00e2trales\u00a0\u00bb (jeudi)"},"content":{"rendered":"<p style=\"font-weight: 400;\">Cet atelier est r\u00e9serv\u00e9 <strong>uniquement aux \u00e9l\u00e8ves de l\u2019\u00e9cole primaire du Lyc\u00e9e Jean Renoir de Munich<\/strong> qui ont re\u00e7u l\u2019accord \u00a0de la part de l&rsquo;\u00e9cole.<\/p>\n","protected":false},"excerpt":{"rendered":"<p>Cet atelier est r\u00e9serv\u00e9 uniquement aux \u00e9l\u00e8ves de l\u2019\u00e9cole primaire du Lyc\u00e9e Jean Renoir de Munich qui ont re\u00e7u l\u2019accord \u00a0de la part de l&rsquo;\u00e9cole.<\/p>\n","protected":false},"featured_media":1369,"template":"","meta":{"_acf_changed":false,"inline_featured_image":false},"product_brand":[],"product_cat":[45],"product_tag":[],"class_list":{"0":"post-616","1":"product","2":"type-product","3":"status-publish","4":"has-post-thumbnail","6":"product_cat-accueil-compagnie-creations-ateliers-vers-lexterieur","8":"first","9":"outofstock","10":"purchasable","11":"product-type-simple"},"acf":[],"_links":{"self":[{"href":"https:\/\/omniglotti.art\/fr\/wp-json\/wp\/v2\/product\/616","targetHints":{"allow":["GET"]}}],"collection":[{"href":"https:\/\/omniglotti.art\/fr\/wp-json\/wp\/v2\/product"}],"about":[{"href":"https:\/\/omniglotti.art\/fr\/wp-json\/wp\/v2\/types\/product"}],"wp:featuredmedia":[{"embeddable":true,"href":"https:\/\/omniglotti.art\/fr\/wp-json\/wp\/v2\/media\/1369"}],"wp:attachment":[{"href":"https:\/\/omniglotti.art\/fr\/wp-json\/wp\/v2\/media?parent=616"}],"wp:term":[{"taxonomy":"product_brand","embeddable":true,"href":"https:\/\/omniglotti.art\/fr\/wp-json\/wp\/v2\/product_brand?post=616"},{"taxonomy":"product_cat","embeddable":true,"href":"https:\/\/omniglotti.art\/fr\/wp-json\/wp\/v2\/product_cat?post=616"},{"taxonomy":"product_tag","embeddable":true,"href":"https:\/\/omniglotti.art\/fr\/wp-json\/wp\/v2\/product_tag?post=616"}],"curies":[{"name":"wp","href":"https:\/\/api.w.org\/{rel}","templated":true}]}}