{"id":923,"date":"2023-09-29T12:59:05","date_gmt":"2023-09-29T10:59:05","guid":{"rendered":"https:\/\/omniglotti.art\/?post_type=product&#038;p=923"},"modified":"2023-09-29T16:32:20","modified_gmt":"2023-09-29T14:32:20","slug":"la-saga-supermama","status":"publish","type":"product","link":"https:\/\/omniglotti.art\/fr\/activite\/la-saga-supermama\/","title":{"rendered":"La saga Supermama"},"content":{"rendered":"<p style=\"font-weight: 400;\">Le jour o\u00f9 je suis devenue maman pour la premi\u00e8re fois, je d\u00e9couvre un monde totalement nouveau. Un monde magique rempli de c\u00e2lins et d\u2019amour, mais aussi d\u2019obstacles \u00e0 franchir pour concilier ma vie professionnelle et ma vie de parent.<\/p>\n<p style=\"font-weight: 400;\">Pour \u00e9vacuer les tensions et vider mon \u00ab r\u00e9servoir \u00e0 absurdit\u00e9s \u00bb d\u00e9j\u00e0 bien rempli, je me mets \u00e0 \u00e9crire. Ce processus donne \u00ab naissance \u00bb \u00e0 la trilogie SuperMama.<\/p>\n<p style=\"font-weight: 400;\">Ces films ont donn\u00e9 naissance \u00e0 des \u00e9v\u00e9nements \u00ab Saga SuperMama \u00bb autour du droit du travail pour les parents.<\/p>\n<p>Voici :<\/p>\n<p style=\"font-weight: 400;\"><span style=\"color: #1ca2a0;\"><strong><span style=\"color: #1ca2a0;\">Le cr\u00e9chionalisme<\/span> &#8230;.\u00a0<\/strong><\/span><span style=\"color: #3db8af;\"><em>ou comment trouver une place \u00e0 la cr\u00e8che<\/em><\/span><\/p>\n<p style=\"font-weight: 400;\">L\u2019une des plus grandes pr\u00e9occupations des femmes enceintes \u00e0 Paris est le d\u00e9fi de trouver une place en cr\u00e8che. Apr\u00e8s avoir essuy\u00e9 plusieurs refus, j\u2019obtiens enfin une r\u00e9ponse positive. Je suis compl\u00e8tement ivre de joie ! Mais au fond de moi je trouve tout cela absurde. Pourquoi doit-on se battre bec et ongles pour une aide \u00e0 laquelle on devrait avoir automatiquement droit ?<\/p>\n<p style=\"font-weight: 400;\"><span style=\"color: #1ca2a0;\"><strong>Les vacances parentales &#8230;\u00a0<\/strong><span style=\"color: #3db8af;\"><em>ou comment trouver du travail apr\u00e8s un cong\u00e9 parental<\/em><\/span><\/span><\/p>\n<p style=\"font-weight: 400;\">Un jour j\u2019ai affaire \u00e0 un recruteur qui s\u2019interroge sur un \u00ab trou \u00bb dans mon CV. \u00a0Lorsque je lui explique qu\u2019il s\u2019agit de mon cong\u00e9 parental, il me raccroche au nez.<\/p>\n<p style=\"font-weight: 400;\">Une fois le choc pass\u00e9 et apr\u00e8s r\u00e9flexion, je trouve une astuce pour m\u2019en sortir lors des entretiens d\u2019embauche\u2026<\/p>\n<p style=\"font-weight: 400;\"><strong><span style=\"color: #3db8af;\"><span style=\"color: #1ca2a0;\">L\u2019op\u00e9ration 18h30 ..<\/span>.\u00a0<\/span><\/strong><em><span style=\"color: #3db8af;\">ou comment r\u00e9cup\u00e9rer son gosse\u00a0sans se faire\u00a0<\/span><span style=\"color: #3db8af;\">virer par son boss<\/span><\/em><\/p>\n<p style=\"font-weight: 400;\">Maman tente de quitter le bureau apr\u00e8s sa journ\u00e9e de travail plus t\u00f4t que ses coll\u00e8gues, pour pouvoir r\u00e9cup\u00e9rer \u00e0 l\u2019heure son enfant \u00e0 la cr\u00e8che. Elle est culpabilis\u00e9e et d\u00e9valoris\u00e9e par ses pairs. Elle finit par trouver un stratag\u00e8me pour sortir de l\u2019entreprise inaper\u00e7ue en tant que \u2026 Je vous laisse le d\u00e9couvrir lors de la prochaine projection du film !<\/p>\n<p>&nbsp;<\/p>\n","protected":false},"excerpt":{"rendered":"<p>Une trilogie sur la superparentalit\u00e9<\/p>\n","protected":false},"featured_media":928,"template":"","meta":{"_acf_changed":false,"inline_featured_image":false},"product_brand":[],"product_cat":[46],"product_tag":[],"class_list":{"0":"post-923","1":"product","2":"type-product","3":"status-publish","4":"has-post-thumbnail","6":"product_cat-creations-fr","8":"first","9":"outofstock","10":"taxable","11":"shipping-taxable","12":"product-type-simple"},"acf":[],"_links":{"self":[{"href":"https:\/\/omniglotti.art\/fr\/wp-json\/wp\/v2\/product\/923","targetHints":{"allow":["GET"]}}],"collection":[{"href":"https:\/\/omniglotti.art\/fr\/wp-json\/wp\/v2\/product"}],"about":[{"href":"https:\/\/omniglotti.art\/fr\/wp-json\/wp\/v2\/types\/product"}],"wp:featuredmedia":[{"embeddable":true,"href":"https:\/\/omniglotti.art\/fr\/wp-json\/wp\/v2\/media\/928"}],"wp:attachment":[{"href":"https:\/\/omniglotti.art\/fr\/wp-json\/wp\/v2\/media?parent=923"}],"wp:term":[{"taxonomy":"product_brand","embeddable":true,"href":"https:\/\/omniglotti.art\/fr\/wp-json\/wp\/v2\/product_brand?post=923"},{"taxonomy":"product_cat","embeddable":true,"href":"https:\/\/omniglotti.art\/fr\/wp-json\/wp\/v2\/product_cat?post=923"},{"taxonomy":"product_tag","embeddable":true,"href":"https:\/\/omniglotti.art\/fr\/wp-json\/wp\/v2\/product_tag?post=923"}],"curies":[{"name":"wp","href":"https:\/\/api.w.org\/{rel}","templated":true}]}}