{"id":935,"date":"2023-09-29T13:37:51","date_gmt":"2023-09-29T11:37:51","guid":{"rendered":"https:\/\/omniglotti.art\/?post_type=product&#038;p=935"},"modified":"2023-09-29T13:38:42","modified_gmt":"2023-09-29T11:38:42","slug":"un-loup-qui-cherche-son-conte-de-fee","status":"publish","type":"product","link":"https:\/\/omniglotti.art\/fr\/activite\/un-loup-qui-cherche-son-conte-de-fee\/","title":{"rendered":"Un loup qui  cherche son conte de f\u00e9e"},"content":{"rendered":"<p style=\"font-weight: 400;\">Le spectacle \u00ab Dobrinko \u2026 \u00bb est une cr\u00e9ation th\u00e9\u00e2trale pleine d&rsquo;humour inspir\u00e9e par la Commedia dell&rsquo;arte et les traditions slovaques pour les enfants.<\/p>\n<p style=\"font-weight: 400;\">\u00a0C\u2019est l\u2019histoire d\u2019un petit loup perdu qui ne sait pas dans quel conte de f\u00e9es il doit jouer. Au fil de ses rencontres avec d\u2019autres cr\u00e9atures de contes, il parvient finalement \u00e0 trouver sa place\u2026 Une place dans un nouveau conte de f\u00e9es bien plus beau que le pr\u00e9c\u00e9dent.<\/p>\n<p style=\"font-weight: 400;\">\n","protected":false},"excerpt":{"rendered":"<p>Le spectacle \u00ab Dobrinko \u2026 \u00bb est une cr\u00e9ation th\u00e9\u00e2trale pleine d&rsquo;humour inspir\u00e9e par la Commedia dell&rsquo;arte et les traditions slovaques pour les enfants. \u00a0C\u2019est l\u2019histoire d\u2019un petit loup perdu qui ne sait pas dans quel conte de f\u00e9es il doit jouer. Au fil de ses rencontres avec d\u2019autres cr\u00e9atures de contes, il parvient finalement [&hellip;]<\/p>\n","protected":false},"featured_media":936,"template":"","meta":{"_acf_changed":false,"inline_featured_image":false},"product_brand":[],"product_cat":[46],"product_tag":[],"class_list":{"0":"post-935","1":"product","2":"type-product","3":"status-publish","4":"has-post-thumbnail","6":"product_cat-creations-fr","8":"first","9":"outofstock","10":"taxable","11":"shipping-taxable","12":"product-type-simple"},"acf":[],"_links":{"self":[{"href":"https:\/\/omniglotti.art\/fr\/wp-json\/wp\/v2\/product\/935","targetHints":{"allow":["GET"]}}],"collection":[{"href":"https:\/\/omniglotti.art\/fr\/wp-json\/wp\/v2\/product"}],"about":[{"href":"https:\/\/omniglotti.art\/fr\/wp-json\/wp\/v2\/types\/product"}],"wp:featuredmedia":[{"embeddable":true,"href":"https:\/\/omniglotti.art\/fr\/wp-json\/wp\/v2\/media\/936"}],"wp:attachment":[{"href":"https:\/\/omniglotti.art\/fr\/wp-json\/wp\/v2\/media?parent=935"}],"wp:term":[{"taxonomy":"product_brand","embeddable":true,"href":"https:\/\/omniglotti.art\/fr\/wp-json\/wp\/v2\/product_brand?post=935"},{"taxonomy":"product_cat","embeddable":true,"href":"https:\/\/omniglotti.art\/fr\/wp-json\/wp\/v2\/product_cat?post=935"},{"taxonomy":"product_tag","embeddable":true,"href":"https:\/\/omniglotti.art\/fr\/wp-json\/wp\/v2\/product_tag?post=935"}],"curies":[{"name":"wp","href":"https:\/\/api.w.org\/{rel}","templated":true}]}}