{"id":111,"date":"2023-09-05T11:31:02","date_gmt":"2023-09-05T09:31:02","guid":{"rendered":"https:\/\/omniglotti.art\/?page_id=111"},"modified":"2023-10-01T18:17:36","modified_gmt":"2023-10-01T16:17:36","slug":"firmy","status":"publish","type":"page","link":"https:\/\/omniglotti.art\/sk\/firmy\/","title":{"rendered":"Firmy"},"content":{"rendered":"\n<p>Origin\u00e1lny teambilding ci v\u00fduka business jazykov ? Sme tu pre v\u00e1s, aby sme na\u0161li to spr\u00e1vne rie\u0161enie pre va\u0161u firmu.\u00a0<\/p>\n","protected":false},"excerpt":{"rendered":"<p>Origin\u00e1lny teambilding ci v\u00fduka business jazykov ? Sme tu pre v\u00e1s, aby sme na\u0161li to spr\u00e1vne rie\u0161enie pre va\u0161u firmu.\u00a0<\/p>\n","protected":false},"author":1,"featured_media":0,"parent":0,"menu_order":0,"comment_status":"closed","ping_status":"closed","template":"page-templates\/company_school.php","meta":{"_acf_changed":false,"inline_featured_image":false,"footnotes":""},"class_list":["post-111","page","type-page","status-publish","hentry"],"acf":[],"_links":{"self":[{"href":"https:\/\/omniglotti.art\/sk\/wp-json\/wp\/v2\/pages\/111","targetHints":{"allow":["GET"]}}],"collection":[{"href":"https:\/\/omniglotti.art\/sk\/wp-json\/wp\/v2\/pages"}],"about":[{"href":"https:\/\/omniglotti.art\/sk\/wp-json\/wp\/v2\/types\/page"}],"author":[{"embeddable":true,"href":"https:\/\/omniglotti.art\/sk\/wp-json\/wp\/v2\/users\/1"}],"replies":[{"embeddable":true,"href":"https:\/\/omniglotti.art\/sk\/wp-json\/wp\/v2\/comments?post=111"}],"version-history":[{"count":13,"href":"https:\/\/omniglotti.art\/sk\/wp-json\/wp\/v2\/pages\/111\/revisions"}],"predecessor-version":[{"id":1060,"href":"https:\/\/omniglotti.art\/sk\/wp-json\/wp\/v2\/pages\/111\/revisions\/1060"}],"wp:attachment":[{"href":"https:\/\/omniglotti.art\/sk\/wp-json\/wp\/v2\/media?parent=111"}],"curies":[{"name":"wp","href":"https:\/\/api.w.org\/{rel}","templated":true}]}}