{"id":62,"date":"2023-08-23T13:50:01","date_gmt":"2023-08-23T11:50:01","guid":{"rendered":"https:\/\/omniglotti.art\/?page_id=62"},"modified":"2023-09-13T22:38:35","modified_gmt":"2023-09-13T20:38:35","slug":"tatiana-timkova","status":"publish","type":"page","link":"https:\/\/omniglotti.art\/sk\/tatiana-timkova\/","title":{"rendered":"Tatiana Timkova"},"content":{"rendered":"\n<p><strong>BIO<\/strong><\/p>\n\n\n\n<p> Narodil som sa za komunistick\u00e9ho re\u017eimu v b\u00fdvalom \u010ceskoslovensku a u\u017e od mali\u010dka som r\u00e1d vym\u00fd\u0161\u013eal pr\u00edbehy a predv\u00e1dzal ske\u010de, aby som pobavil svoje okolie. Nesk\u00f4r v \u0161kole si nenech\u00e1m ujs\u0165 pr\u00edle\u017eitos\u0165 z\u00fa\u010dastni\u0165 sa divadeln\u00fdch alebo tane\u010dn\u00fdch projektov. Pod spolo\u010densk\u00fdm tlakom som v\u0161ak n\u00faten\u00fd za\u010da\u0165 \u0161tudova\u0165 vo \u201eseri\u00f3znom\u201c odbore. Ke\u010f padol re\u017eim a otvorili sa hranice, moj\u00edm prv\u00fdm cie\u013eom bolo z\u00edska\u0165 \u0161tipendium na pokra\u010dovanie v \u0161t\u00fadiu na vysokej \u0161kole vo Franc\u00fazsku. Dostal som ho dvakr\u00e1t a ke\u010f som dostal svoj DESS, dostal som svoju prv\u00fa \u201eseri\u00f3znu\u201c pr\u00e1cu v Par\u00ed\u017ei.<\/p>\n\n\n<svg version=\"1.1\" id=\"Calque_1\" xmlns:x=\"&#038;ns_extend;\" xmlns:i=\"&#038;ns_ai;\" xmlns:graph=\"&#038;ns_graphs;\"\n\t xmlns=\"http:\/\/www.w3.org\/2000\/svg\" xmlns:xlink=\"http:\/\/www.w3.org\/1999\/xlink\" x=\"0px\" y=\"0px\" viewBox=\"0 0 953.3 156.8\"\n\t style=\"enable-background:new 0 0 953.3 156.8;\" xml:space=\"preserve\">\n<style type=\"text\/css\">\n\t.st0{fill:#3C3C3B;}\n<\/style>\n<switch>\n\t<foreignObject requiredExtensions=\"&#038;ns_ai;\" x=\"0\" y=\"0\" width=\"1\" height=\"1\">\n\t\t<i:aipgfRef  xlink:href=\"#adobe_illustrator_pgf\">\n\t\t<\/i:aipgfRef>\n\t<\/foreignObject>\n\t<g i:extraneous=\"self\">\n\t\t<g>\n\t\t\t<g>\n\t\t\t\t<g>\n\t\t\t\t\t<path class=\"st0\" d=\"M876.7,61.9c-64,25.2-133.7,34.7-202.1,27.9c-17.3-1.7-34.4-4.5-51.3-8.4c-12.7-2.9-26.2-6.9-35.7-16.3\n\t\t\t\t\t\tc-4.3-4.2-7.4-9.6-7.6-15.8c-0.2-7.4,3.7-13.8,8.9-18.8c7.7-7.4,32.7-23.5,38.5-6.5c5.3,15.6-12.2,24.4-24.1,28.3\n\t\t\t\t\t\tc-16.5,5.5-33.4,9.6-50.5,12.7c-34.3,6.2-69.3,7.9-104.1,7.4C377.6,71.7,307,62,236,60.5c-28.1-0.6-56.5-0.3-83.9,6.7\n\t\t\t\t\t\tc-23.2,5.9-46.3,16.9-60.5,36.9c-3.5,4.9-6.2,10.2-8.4,15.7c-1.2,2.9,3.6,4.2,4.7,1.3c10-25.4,34.1-40,59.3-47.5\n\t\t\t\t\t\tc29.1-8.6,59.5-8.9,89.6-8.2c74.6,1.6,148.8,12.3,223.6,12.2c36.2-0.1,72.5-2.8,107.9-10.5c9-2,17.9-4.3,26.8-6.9\n\t\t\t\t\t\tc7.6-2.3,15.3-4.5,22.3-8.3c10.9-5.9,19.4-17.9,14.2-30.5c-6.4-15.3-24.8-8.6-35.3-2.3c-11.5,6.8-22.5,17.8-21,32.3\n\t\t\t\t\t\tc1.3,12.4,11.5,21.1,22,26.4c13.7,7,29.3,9.7,44.3,12.3c70.1,12.5,143.3,7.5,211-14.3c8.6-2.8,17.1-5.8,25.5-9.1\n\t\t\t\t\t\tC880.9,65.5,879.6,60.7,876.7,61.9L876.7,61.9z\"\/>\n\t\t\t\t<\/g>\n\t\t\t<\/g>\n\t\t\t<g>\n\t\t\t\t<g>\n\t\t\t\t\t<path class=\"st0\" d=\"M77.3,144.7c2,0,3.7-1.7,3.7-3.7c0-2-1.7-3.7-3.7-3.7c-2,0-3.7,1.7-3.7,3.7\n\t\t\t\t\t\tC73.6,143,75.3,144.7,77.3,144.7L77.3,144.7z\"\/>\n\t\t\t\t<\/g>\n\t\t\t<\/g>\n\t\t<\/g>\n\t\t<g>\n\t\t<\/g>\n\t\t<g>\n\t\t<\/g>\n\t\t<g>\n\t\t<\/g>\n\t\t<g>\n\t\t<\/g>\n\t\t<g>\n\t\t<\/g>\n\t\t<g>\n\t\t<\/g>\n\t<\/g>\n<\/switch>\n\n\n<p>Samozrejme, par\u00ed\u017eska atmosf\u00e9ra dr\u00e1\u017edi moje umeleck\u00e9 vl\u00e1kno a nakoniec prebud\u00ed moju dlhoro\u010dn\u00fa v\u00e1\u0161e\u0148 by\u0165 na p\u00f3diu. Potom som za\u010dal tr\u00e9nova\u0165 v r\u00f4znych \u0161kol\u00e1ch a divadeln\u00fdch s\u00faboroch, najm\u00e4 vo Franc\u00fazsku a Taliansku. Z\u00e1rove\u0148 v\u00e4\u010d\u0161inu svojho vo\u013en\u00e9ho \u010dasu tr\u00e1vim nav\u0161tevovan\u00edm mnoh\u00fdch predstaven\u00ed a pozorovan\u00edm inscena\u010dn\u00fdch techn\u00edk.<\/p>\n\n\n\n<p><strong>Po mnoh\u00fdch projektoch a umeleck\u00fdch stretnutiach som n\u00e1hodou za\u010dal p\u00edsa\u0165 a re\u017e\u00edrova\u0165 svoje vlastn\u00e9 kr\u00e1tke filmy a hry. Po 20 rokoch str\u00e1ven\u00fdch vo Franc\u00fazsku sa mi naskytla nov\u00e1 pr\u00edle\u017eitos\u0165 a pred 4 rokmi som sa pres\u0165ahoval do Mn\u00edchova. Pri tejto pr\u00edle\u017eitosti prid\u00e1vam na sl\u00e1\u010dik nov\u00fa strunu t\u00fdm, \u017ee sa zauj\u00edmam o divadeln\u00fa pedagogiku pre viacjazy\u010dn\u00e9 deti, pri\u010dom pokra\u010dujem v pr\u00e1ci na tvorbe vlastn\u00fdch diel.<\/strong><\/p>\n","protected":false},"excerpt":{"rendered":"<p>BIO Narodil som sa za komunistick\u00e9ho re\u017eimu v b\u00fdvalom \u010ceskoslovensku a u\u017e od mali\u010dka som r\u00e1d vym\u00fd\u0161\u013eal pr\u00edbehy a predv\u00e1dzal ske\u010de, aby som pobavil svoje okolie. Nesk\u00f4r v \u0161kole si nenech\u00e1m ujs\u0165 pr\u00edle\u017eitos\u0165 z\u00fa\u010dastni\u0165 sa divadeln\u00fdch alebo tane\u010dn\u00fdch projektov. Pod spolo\u010densk\u00fdm tlakom som v\u0161ak n\u00faten\u00fd za\u010da\u0165 \u0161tudova\u0165 vo \u201eseri\u00f3znom\u201c odbore. Ke\u010f padol re\u017eim a otvorili [&hellip;]<\/p>\n","protected":false},"author":1,"featured_media":144,"parent":0,"menu_order":0,"comment_status":"closed","ping_status":"closed","template":"page-templates\/aboutus.php","meta":{"_acf_changed":false,"inline_featured_image":false,"footnotes":""},"class_list":["post-62","page","type-page","status-publish","has-post-thumbnail","hentry"],"acf":[],"_links":{"self":[{"href":"https:\/\/omniglotti.art\/sk\/wp-json\/wp\/v2\/pages\/62","targetHints":{"allow":["GET"]}}],"collection":[{"href":"https:\/\/omniglotti.art\/sk\/wp-json\/wp\/v2\/pages"}],"about":[{"href":"https:\/\/omniglotti.art\/sk\/wp-json\/wp\/v2\/types\/page"}],"author":[{"embeddable":true,"href":"https:\/\/omniglotti.art\/sk\/wp-json\/wp\/v2\/users\/1"}],"replies":[{"embeddable":true,"href":"https:\/\/omniglotti.art\/sk\/wp-json\/wp\/v2\/comments?post=62"}],"version-history":[{"count":13,"href":"https:\/\/omniglotti.art\/sk\/wp-json\/wp\/v2\/pages\/62\/revisions"}],"predecessor-version":[{"id":339,"href":"https:\/\/omniglotti.art\/sk\/wp-json\/wp\/v2\/pages\/62\/revisions\/339"}],"wp:featuredmedia":[{"embeddable":true,"href":"https:\/\/omniglotti.art\/sk\/wp-json\/wp\/v2\/media\/144"}],"wp:attachment":[{"href":"https:\/\/omniglotti.art\/sk\/wp-json\/wp\/v2\/media?parent=62"}],"curies":[{"name":"wp","href":"https:\/\/api.w.org\/{rel}","templated":true}]}}