{"id":568,"date":"2023-09-23T17:36:59","date_gmt":"2023-09-23T15:36:59","guid":{"rendered":"https:\/\/omniglotti.art\/?post_type=product&#038;p=568"},"modified":"2023-10-20T10:57:29","modified_gmt":"2023-10-20T08:57:29","slug":"sos-z-planety-mez","status":"publish","type":"product","link":"https:\/\/omniglotti.art\/sk\/activite\/sos-z-planety-mez\/","title":{"rendered":"SOS z planety Mez !"},"content":{"rendered":"<p><em><strong>Synopsis<\/strong><\/em><\/p>\n<p class=\"font_8 wixui-rich-text__text\"><span class=\"wixui-rich-text__text\">V\u00edla Vesm\u00edrica, ktor\u00e1 m\u00e1 na starosti udr\u017eiavanie rovnov\u00e1hy plan\u00e9t, zachyt\u00ed intergalaktick\u00e9 SOS od \u0161\u00e9fa pr\u00edrody na plan\u00e9te MEZ. Vesm\u00edrica nev\u00e1ha a nasadne do prvej rakety na \u00a0Mez. Po pr\u00edlete s hr\u00f4zou zist\u00ed, \u017ee plan\u00e9ta je \u00faplne zne\u010disten\u00e1 a \u017ee sa div\u00e9 zvierat\u00e1 musia ukr\u00fdva\u0165, aby pre\u017eili. Pochop\u00ed, \u017ee mus\u00ed n\u00e1js\u0165 ihne\u010f rie\u0161enie. N\u00e1hoda jej priveje do cesty mal\u00e9ho \u0161kol\u00e1\u010dika, ktor\u00fd ver\u00ed, \u017ee v \u017eivote sa m\u00e1 kona\u0165 dobro. \u00a0Napriek tomu, \u017ee je za svoje ide\u00e1ly ods\u00faden\u00fd svojim okol\u00edm, ktor\u00e9 ver\u00ed v silu zla, rozhodne sa zabr\u00e1ni\u0165 najhor\u0161iemu. Av\u0161ak s\u00e1m to nedok\u00e1\u017ee. Deti pr\u00eddete mu pom\u00f4c\u0165 ?\u00a0<\/span><\/p>\n<p class=\"font_8 wixui-rich-text__text\"><span class=\"wixui-rich-text__text\">SOS \u00a0z plan\u00e9ty Mez \u00a0je divadeln\u00e1 kom\u00e9dia, ktorej autorkou a protagonistkou je here\u010dka a detsk\u00e1 divadeln\u00e1 pedagogick\u00e1 slovensk\u00e9ho p\u00f4vodu Tatiana Timkova, moment\u00e1lne \u017eij\u00faca v Mn\u00edchove.<\/span><\/p>\n","protected":false},"excerpt":{"rendered":"<p><strong>Divadeln\u00e1 kom\u00e9dia pre deti od 6 do 106 rokov v\u00a0slovenskom jazyku.<\/strong><\/p>\n","protected":false},"featured_media":1122,"template":"","meta":{"_acf_changed":false,"inline_featured_image":false},"product_brand":[],"product_cat":[19],"product_tag":[],"class_list":{"0":"post-568","1":"product","2":"type-product","3":"status-publish","4":"has-post-thumbnail","6":"product_cat-predstavenia","8":"first","9":"outofstock","10":"taxable","11":"shipping-taxable","12":"product-type-simple"},"acf":[],"_links":{"self":[{"href":"https:\/\/omniglotti.art\/sk\/wp-json\/wp\/v2\/product\/568","targetHints":{"allow":["GET"]}}],"collection":[{"href":"https:\/\/omniglotti.art\/sk\/wp-json\/wp\/v2\/product"}],"about":[{"href":"https:\/\/omniglotti.art\/sk\/wp-json\/wp\/v2\/types\/product"}],"wp:featuredmedia":[{"embeddable":true,"href":"https:\/\/omniglotti.art\/sk\/wp-json\/wp\/v2\/media\/1122"}],"wp:attachment":[{"href":"https:\/\/omniglotti.art\/sk\/wp-json\/wp\/v2\/media?parent=568"}],"wp:term":[{"taxonomy":"product_brand","embeddable":true,"href":"https:\/\/omniglotti.art\/sk\/wp-json\/wp\/v2\/product_brand?post=568"},{"taxonomy":"product_cat","embeddable":true,"href":"https:\/\/omniglotti.art\/sk\/wp-json\/wp\/v2\/product_cat?post=568"},{"taxonomy":"product_tag","embeddable":true,"href":"https:\/\/omniglotti.art\/sk\/wp-json\/wp\/v2\/product_tag?post=568"}],"curies":[{"name":"wp","href":"https:\/\/api.w.org\/{rel}","templated":true}]}}