{"id":993,"date":"2023-09-29T13:37:51","date_gmt":"2023-09-29T11:37:51","guid":{"rendered":"https:\/\/omniglotti.art\/produkt\/un-loup-qui-cherche-son-conte-de-fee\/"},"modified":"2023-09-29T15:07:11","modified_gmt":"2023-09-29T13:07:11","slug":"un-loup-qui-cherche-son-conte-de-fee","status":"publish","type":"product","link":"https:\/\/omniglotti.art\/sk\/activite\/un-loup-qui-cherche-son-conte-de-fee\/","title":{"rendered":"Rozpr\u00e1vka o vlkovi Dobrinkovi bez rozpr\u00e1vky"},"content":{"rendered":"<p class=\"font_8\"><span class=\"color_11\">Predstavenie pre deti od 4 do 99 rokov bolo \u0161peci\u00e1lne nap\u00edsane pre deti slovensk\u00e9ho p\u00f4vodu \u017eij\u00face v zahrani\u010d\u00ed a ich rodi\u010dov. V tejto slovenskej verzii, mal\u00fd vlk Dobrinko z Mn\u00edchova, h\u013ead\u00e1 \u201esvoju\u201c rozpr\u00e1vku. Pod\u013ea v\u0161etk\u00e9ho ju m\u00f4\u017ee n\u00e1js\u0165 na Slovensku. V\u010faka tomu, \u017ee s\u00fa jeho rodi\u010dia slovensk\u00e9ho p\u00f4vodu a on sa u\u010d\u00ed sloven\u010dinu na slovenskej skole v Nemecku, to pre neho nie je prek\u00e1\u017eka. Ocitne sa na Slovensku, kde sa mu po komick\u00fdch stretnutiach s rozpr\u00e1vkov\u00fdmi postavami nakoniec podar\u00ed zisti\u0165, \u017ee patri do rozpr\u00e1vky o \u010cervenej \u010diapo\u010dke. Ale beda ! Dobrinko ma dobr\u00e9 srdie\u010dko, star\u00fa mamu nedok\u00e1\u017ee zjes\u0165 a v rozpr\u00e1vke nem\u00f4\u017ee hra\u0165! \u00a0Na\u0161\u0165astie maj\u00fa n\u00e1pad a vymyslia si \u00a0s \u010cervenou \u010diapo\u010dkou vlastn\u00fa, nov\u00fa, lep\u0161iu rozpr\u00e1vku : \u201eO Dobrinkovi, vlkovi \u010do jedol bryndzov\u00e9 halu\u0161ky\u201c.\u00a0<\/span><\/p>\n<p class=\"font_8\"><span class=\"color_11\">Po pozit\u00edvnych ohlasoch pripravujeme moment\u00e1lne nov\u00fa nemecko-slovensk\u00fa verziu predstavenia, ktorou by sme chceli pribl\u00ed\u017ei\u0165 Slovensko aj medzin\u00e1rodnym komunit\u00e1m.\u00a0<\/span><\/p>\n<p class=\"font_8\"><span class=\"color_11\">\u010eakujeme \u00daradu pre Slov\u00e1kov \u017eij\u00facich v zahrani\u010d\u00ed v\u010faka ktor\u00e9mu predstavenie mohlo by\u0165 vyroben\u00e9.\u00a0<\/span><\/p>\n<p><span class=\"color_11\">\u00da\u010dinkuj\u00fa : Tatiana Timkova a Jaume Villalba\u00a0<\/span><\/p>\n<p class=\"font_8\"><span class=\"color_11\">\u00a0<\/span><\/p>\n<p style=\"font-weight: 400;\">\n","protected":false},"excerpt":{"rendered":"<p><span class=\"color_11\">Predstavenie pre deti od 4 do 99 rokov v slovenskom jazyku<\/span><\/p>\n","protected":false},"featured_media":938,"template":"","meta":{"_acf_changed":false,"inline_featured_image":false},"product_brand":[],"product_cat":[19],"product_tag":[],"class_list":{"0":"post-993","1":"product","2":"type-product","3":"status-publish","4":"has-post-thumbnail","6":"product_cat-predstavenia","8":"first","9":"outofstock","10":"taxable","11":"shipping-taxable","12":"product-type-simple"},"acf":[],"_links":{"self":[{"href":"https:\/\/omniglotti.art\/sk\/wp-json\/wp\/v2\/product\/993","targetHints":{"allow":["GET"]}}],"collection":[{"href":"https:\/\/omniglotti.art\/sk\/wp-json\/wp\/v2\/product"}],"about":[{"href":"https:\/\/omniglotti.art\/sk\/wp-json\/wp\/v2\/types\/product"}],"wp:featuredmedia":[{"embeddable":true,"href":"https:\/\/omniglotti.art\/sk\/wp-json\/wp\/v2\/media\/938"}],"wp:attachment":[{"href":"https:\/\/omniglotti.art\/sk\/wp-json\/wp\/v2\/media?parent=993"}],"wp:term":[{"taxonomy":"product_brand","embeddable":true,"href":"https:\/\/omniglotti.art\/sk\/wp-json\/wp\/v2\/product_brand?post=993"},{"taxonomy":"product_cat","embeddable":true,"href":"https:\/\/omniglotti.art\/sk\/wp-json\/wp\/v2\/product_cat?post=993"},{"taxonomy":"product_tag","embeddable":true,"href":"https:\/\/omniglotti.art\/sk\/wp-json\/wp\/v2\/product_tag?post=993"}],"curies":[{"name":"wp","href":"https:\/\/api.w.org\/{rel}","templated":true}]}}