{"id":997,"date":"2023-09-29T12:59:05","date_gmt":"2023-09-29T10:59:05","guid":{"rendered":"https:\/\/omniglotti.art\/produkt\/la-saga-supermama\/"},"modified":"2023-09-29T15:08:10","modified_gmt":"2023-09-29T13:08:10","slug":"la-saga-supermama","status":"publish","type":"product","link":"https:\/\/omniglotti.art\/sk\/activite\/la-saga-supermama\/","title":{"rendered":"Saga Supermama"},"content":{"rendered":"<p class=\"font_8\">Ke\u010f som sa po prv\u00fdkr\u00e1t, e\u0161te v Par\u00ed\u017ei stala mamou, prizn\u00e1m, \u017ee to so \u00a0mnou poriadne zam\u00e1valo. Zrazu som objavila probl\u00e9my, o ktor\u00fdch sa mi dovtedy ani \u00a0nesn\u00edvalo. A jeden z naj\u0165a\u017e\u0161\u00edch spo\u010d\u00edval v tom ako zladi\u0165 moje mami\u010dkovsk\u00e9 povinnosti s t\u00fdmi pracovn\u00fdmi. Ten kopec absurd\u00edt, ktor\u00fdmi mus\u00edme my mamy prejs\u0165 ma \u0161okoval.\u00a0Nu\u017e nedalo mi, a tak vznikla \u00a0tril\u00f3gia Supermama, v ktor\u00e1 je venovan\u00e1 prek\u00e1\u017ekam, s ktorou sa mus\u00edme my mamy popasova\u0165. V\u00fdsledkom s\u00fa 3 mini kom\u00e9die :<\/p>\n<p class=\"font_8\"><span style=\"color: #1ca2a0;\"><strong>O jasli\u010dkarizme&#8230;<\/strong> <em>alebo ako n\u00e1js\u0165 miesto v \u0161t\u00e1tnych jasliach v Par\u00ed\u017ei.\u00a0<\/em><\/span><\/p>\n<p class=\"font_8\"><span class=\"color_17\">Jednou z najv\u00e4\u010d\u0161\u00edch starosti par\u00ed\u017eskych tehuliek s\u00fa preteky o miesto pre die\u0165a \u00a0v \u0161t\u00e1tnych jasliach. Ka\u017ed\u00fd rob\u00ed mo\u017en\u00e9 aj nemo\u017ene, aby z\u00edskal tento sv\u00e4t\u00fd graal. Ak sa v\u00e1m to naozaj podar\u00ed a dostanete sa medzi vyvolen\u00fdch prv\u00e9 \u010do urob\u00edte, je poriadne to osl\u00e1vite&#8230;<\/span><\/p>\n<p class=\"font_8\"><span style=\"color: #1ca2a0;\"><strong>Matersk\u00e9 pr\u00e1zdniny<\/strong> &#8230; <em>alebo o tom ako n\u00e1js\u0165 pr\u00e1cu po materskej dovolenke.<\/em><\/span><\/p>\n<p class=\"font_8\"><span class=\"color_17\">Jedn\u00e9ho dna mi zavol\u00e1 jeden hadhunter, ktor\u00fd ma chce z\u00edska\u0165 na jeden projekt. N\u00e1\u0161 rozhovor prebieha \u00a0hladko a\u017e do momentu , ke\u010f zbad\u00e1 v mojom \u017eivotopise \u010dasov\u00fa \u201edieru&#8230; Ke\u010f mu naivne vysvetl\u00edm, \u017ee sa jedna o obdobie mojej materskej \u201e dovolenky, doslova mi zaves\u00ed telef\u00f3n. Po prvotnom \u0161oku a kr\u00e1tkej reflexii sa rozhodnem zmeni\u0165 \u201e vysvet\u013eovaciu\u201c strat\u00e9giu a ponuky na pracu mi len tak padaj\u00fa&#8230;<\/span><\/p>\n<p class=\"font_8\"><span style=\"color: #1ca2a0;\"><strong>Tajn\u00e1 oper\u00e1cia 18:30<\/strong> &#8230; \u00a0<em>alebo o tom ako vyzdvihn\u00fa\u0165 die\u0165a na \u010das z jasiel.\u00a0<\/em><\/span><\/p>\n<p class=\"font_8\"><span class=\"color_17\">V Par\u00ed\u017ei je zvykom pracova\u0165 aj do neskor\u00fdch hod\u00edn, teda minim\u00e1lne minim\u00e1lne do 18 hodiny. V de\u0148 ke\u010f va\u0161e die\u0165a vst\u00fapi do jasie\u013e, ktor\u00e9 sa nach\u00e1dzaj\u00fa na druhej strane mesta a \u0161tandardne zatv\u00e1raj\u00fa o 18h30 za\u010dne v\u00e1\u0161 ka\u017edodenn\u00fd boj ako tuto nemo\u017en\u00fa misiu zvl\u00e1dnu\u0165&#8230;<\/span><\/p>\n","protected":false},"excerpt":{"rendered":"<p>3 mini kom\u00e9die na t\u00e9mu rodi<span class=\"color_17\">\u010d<\/span>ovstva<\/p>\n","protected":false},"featured_media":930,"template":"","meta":{"_acf_changed":false,"inline_featured_image":false},"product_brand":[],"product_cat":[19],"product_tag":[],"class_list":{"0":"post-997","1":"product","2":"type-product","3":"status-publish","4":"has-post-thumbnail","6":"product_cat-predstavenia","8":"first","9":"outofstock","10":"taxable","11":"shipping-taxable","12":"product-type-simple"},"acf":[],"_links":{"self":[{"href":"https:\/\/omniglotti.art\/sk\/wp-json\/wp\/v2\/product\/997","targetHints":{"allow":["GET"]}}],"collection":[{"href":"https:\/\/omniglotti.art\/sk\/wp-json\/wp\/v2\/product"}],"about":[{"href":"https:\/\/omniglotti.art\/sk\/wp-json\/wp\/v2\/types\/product"}],"wp:featuredmedia":[{"embeddable":true,"href":"https:\/\/omniglotti.art\/sk\/wp-json\/wp\/v2\/media\/930"}],"wp:attachment":[{"href":"https:\/\/omniglotti.art\/sk\/wp-json\/wp\/v2\/media?parent=997"}],"wp:term":[{"taxonomy":"product_brand","embeddable":true,"href":"https:\/\/omniglotti.art\/sk\/wp-json\/wp\/v2\/product_brand?post=997"},{"taxonomy":"product_cat","embeddable":true,"href":"https:\/\/omniglotti.art\/sk\/wp-json\/wp\/v2\/product_cat?post=997"},{"taxonomy":"product_tag","embeddable":true,"href":"https:\/\/omniglotti.art\/sk\/wp-json\/wp\/v2\/product_tag?post=997"}],"curies":[{"name":"wp","href":"https:\/\/api.w.org\/{rel}","templated":true}]}}